{"id":215,"date":"2021-01-05T09:23:17","date_gmt":"2021-01-05T08:23:17","guid":{"rendered":"http:\/\/www.ksc-hanau.de\/?page_id=215"},"modified":"2026-03-29T10:57:05","modified_gmt":"2026-03-29T08:57:05","slug":"ju-jutsu","status":"publish","type":"page","link":"https:\/\/www.ksc-hanau.de\/?page_id=215","title":{"rendered":"Ju-Jutsu"},"content":{"rendered":"\t\t<div data-elementor-type=\"wp-page\" data-elementor-id=\"215\" class=\"elementor elementor-215\">\n\t\t\t\t\t\t<section class=\"elementor-section elementor-top-section elementor-element elementor-element-95fc728 elementor-section-boxed elementor-section-height-default elementor-section-height-default\" data-id=\"95fc728\" data-element_type=\"section\" data-e-type=\"section\">\n\t\t\t\t\t\t<div class=\"elementor-container elementor-column-gap-default\">\n\t\t\t\t\t<div class=\"elementor-column elementor-col-100 elementor-top-column elementor-element elementor-element-5af8572\" data-id=\"5af8572\" data-element_type=\"column\" data-e-type=\"column\">\n\t\t\t<div class=\"elementor-widget-wrap elementor-element-populated\">\n\t\t\t\t\t\t<div class=\"elementor-element elementor-element-930809f elementor-widget elementor-widget-heading\" data-id=\"930809f\" data-element_type=\"widget\" data-e-type=\"widget\" data-widget_type=\"heading.default\">\n\t\t\t\t<div class=\"elementor-widget-container\">\n\t\t\t\t\t<h2 class=\"elementor-heading-title elementor-size-default\">Trainingszeiten<\/h2>\t\t\t\t<\/div>\n\t\t\t\t<\/div>\n\t\t\t\t<section class=\"elementor-section elementor-inner-section elementor-element elementor-element-63be175 elementor-section-boxed elementor-section-height-default elementor-section-height-default\" data-id=\"63be175\" data-element_type=\"section\" data-e-type=\"section\">\n\t\t\t\t\t\t<div class=\"elementor-container elementor-column-gap-default\">\n\t\t\t\t\t<div class=\"elementor-column elementor-col-50 elementor-inner-column elementor-element elementor-element-e4c135b\" data-id=\"e4c135b\" data-element_type=\"column\" data-e-type=\"column\">\n\t\t\t<div class=\"elementor-widget-wrap elementor-element-populated\">\n\t\t\t\t\t\t<div class=\"elementor-element elementor-element-6bf8ed1 elementor-widget elementor-widget-text-editor\" data-id=\"6bf8ed1\" data-element_type=\"widget\" data-e-type=\"widget\" data-widget_type=\"text-editor.default\">\n\t\t\t\t<div class=\"elementor-widget-container\">\n\t\t\t\t\t\t\t\t\t<p><b>Technik Kinder, Jugendgruppen und Erwachsene<\/b><\/p>\n<p>\u00a0<\/p>\n<p><b>Halle:<\/b><\/p>\n<p>Elisabeth-Schmitz-Schule<\/p>\n<p>Bertha-von-Suttner-Stra\u00dfe 10<\/p>\n<p>63457 Hanau<\/p>\t\t\t\t\t\t\t\t<\/div>\n\t\t\t\t<\/div>\n\t\t\t\t\t<\/div>\n\t\t<\/div>\n\t\t\t\t<div class=\"elementor-column elementor-col-50 elementor-inner-column elementor-element elementor-element-fcd122f\" data-id=\"fcd122f\" data-element_type=\"column\" data-e-type=\"column\">\n\t\t\t<div class=\"elementor-widget-wrap elementor-element-populated\">\n\t\t\t\t\t\t<div class=\"elementor-element elementor-element-621708d elementor-widget elementor-widget-text-editor\" data-id=\"621708d\" data-element_type=\"widget\" data-e-type=\"widget\" data-widget_type=\"text-editor.default\">\n\t\t\t\t<div class=\"elementor-widget-container\">\n\t\t\t\t\t\t\t\t\t<p><b>Montag:<\/b><\/p>\n<p>17:00 &#8211; 18:00 Uhr&nbsp; Anf\u00e4nger (ab 6 Jahren)<\/p>\n<p>18:00 &#8211; 19:30 Uhr&nbsp; Fortgeschritten<\/p>\n<p><\/p>\n<p><b>Freitag:<\/b><\/p>\n<p>17:00 &#8211; 18:00&nbsp;&nbsp;<span style=\"color: var(--sydney-text-color);\">Anf\u00e4nger (ab 6 Jahren)<\/span><\/p>\n<p>18:00 &#8211; 19:00 Uhr&nbsp; Erwachsene<\/p>\t\t\t\t\t\t\t\t<\/div>\n\t\t\t\t<\/div>\n\t\t\t\t\t<\/div>\n\t\t<\/div>\n\t\t\t\t\t<\/div>\n\t\t<\/section>\n\t\t\t\t<div class=\"elementor-element elementor-element-ab3a826 elementor-widget-divider--view-line elementor-widget elementor-widget-divider\" data-id=\"ab3a826\" data-element_type=\"widget\" data-e-type=\"widget\" data-widget_type=\"divider.default\">\n\t\t\t\t<div class=\"elementor-widget-container\">\n\t\t\t\t\t\t\t<div class=\"elementor-divider\">\n\t\t\t<span class=\"elementor-divider-separator\">\n\t\t\t\t\t\t<\/span>\n\t\t<\/div>\n\t\t\t\t\t\t<\/div>\n\t\t\t\t<\/div>\n\t\t\t\t<section class=\"elementor-section elementor-inner-section elementor-element elementor-element-e53cd41 elementor-section-boxed elementor-section-height-default elementor-section-height-default\" data-id=\"e53cd41\" data-element_type=\"section\" data-e-type=\"section\">\n\t\t\t\t\t\t<div class=\"elementor-container elementor-column-gap-default\">\n\t\t\t\t\t<div class=\"elementor-column elementor-col-50 elementor-inner-column elementor-element elementor-element-9bf3d1b\" data-id=\"9bf3d1b\" data-element_type=\"column\" data-e-type=\"column\">\n\t\t\t<div class=\"elementor-widget-wrap elementor-element-populated\">\n\t\t\t\t\t\t<div class=\"elementor-element elementor-element-dd5c637 elementor-widget elementor-widget-text-editor\" data-id=\"dd5c637\" data-element_type=\"widget\" data-e-type=\"widget\" data-widget_type=\"text-editor.default\">\n\t\t\t\t<div class=\"elementor-widget-container\">\n\t\t\t\t\t\t\t\t\t<p><b>Wettkampf Jugend &amp; Erwachsene<\/b><\/p>\n<p>\u00a0<\/p>\n<p><span style=\"font-weight: bold;\">Hallen:<\/span><\/p>\n<p>Elisabeth-Schmitz-Schule<\/p>\n<p>Bertha-von-Suttner-Stra\u00dfe 10<\/p>\n<p>63457 Hanau<\/p>\n<p><b>&#8211;<\/b><\/p>\n<p>Hessen Homburg Halle (Dojo)<\/p>\n<p>Hessen-Homburg-Platz 9<\/p>\n<p>63452 Hanau<\/p>\t\t\t\t\t\t\t\t<\/div>\n\t\t\t\t<\/div>\n\t\t\t\t\t<\/div>\n\t\t<\/div>\n\t\t\t\t<div class=\"elementor-column elementor-col-50 elementor-inner-column elementor-element elementor-element-788afc0\" data-id=\"788afc0\" data-element_type=\"column\" data-e-type=\"column\">\n\t\t\t<div class=\"elementor-widget-wrap elementor-element-populated\">\n\t\t\t\t\t\t<div class=\"elementor-element elementor-element-7d59a6d elementor-widget elementor-widget-text-editor\" data-id=\"7d59a6d\" data-element_type=\"widget\" data-e-type=\"widget\" data-widget_type=\"text-editor.default\">\n\t\t\t\t<div class=\"elementor-widget-container\">\n\t\t\t\t\t\t\t\t\t<p><b>Dienstag\u00a0 <\/b>(<span style=\"color: var(--sydney-text-color);\">Elisabeth-Schmitz-Schule)<\/span><\/p>\n<p>18:30 &#8211; 20:00 Uhr<\/p>\n<p>\u00a0<\/p>\n<p><b>Donnerstag <\/b>(<span style=\"color: var(--sydney-text-color);\">Hessen Homburg Halle (Dojo)\u00a0<\/span><\/p>\n<p>18:30 &#8211; 20:00 Uhr<\/p>\n<p>\u00a0<\/p>\t\t\t\t\t\t\t\t<\/div>\n\t\t\t\t<\/div>\n\t\t\t\t<div class=\"elementor-element elementor-element-5699a96 elementor-widget elementor-widget-text-editor\" data-id=\"5699a96\" data-element_type=\"widget\" data-e-type=\"widget\" data-widget_type=\"text-editor.default\">\n\t\t\t\t<div class=\"elementor-widget-container\">\n\t\t\t\t\t\t\t\t\t<p><i>*Wir bitten darum vorab mit dem Trainerteam Kontakt aufzunehmen, da diese Gruppe aus Fortgeschrittenen Teilnehmern besteht &amp; der Einstieg nicht sofort gew\u00e4hrleistet werden kann.<\/i><\/p>\t\t\t\t\t\t\t\t<\/div>\n\t\t\t\t<\/div>\n\t\t\t\t\t<\/div>\n\t\t<\/div>\n\t\t\t\t\t<\/div>\n\t\t<\/section>\n\t\t\t\t\t<\/div>\n\t\t<\/div>\n\t\t\t\t\t<\/div>\n\t\t<\/section>\n\t\t\t\t<section class=\"elementor-section elementor-top-section elementor-element elementor-element-f4f2fbf elementor-section-boxed elementor-section-height-default elementor-section-height-default\" data-id=\"f4f2fbf\" data-element_type=\"section\" data-e-type=\"section\">\n\t\t\t\t\t\t<div class=\"elementor-container elementor-column-gap-default\">\n\t\t\t\t\t<div class=\"elementor-column elementor-col-100 elementor-top-column elementor-element elementor-element-39d6162a\" data-id=\"39d6162a\" data-element_type=\"column\" data-e-type=\"column\">\n\t\t\t<div class=\"elementor-widget-wrap elementor-element-populated\">\n\t\t\t\t\t\t<div class=\"elementor-element elementor-element-12e1484 elementor-widget-divider--view-line elementor-widget elementor-widget-divider\" data-id=\"12e1484\" data-element_type=\"widget\" data-e-type=\"widget\" data-widget_type=\"divider.default\">\n\t\t\t\t<div class=\"elementor-widget-container\">\n\t\t\t\t\t\t\t<div class=\"elementor-divider\">\n\t\t\t<span class=\"elementor-divider-separator\">\n\t\t\t\t\t\t<\/span>\n\t\t<\/div>\n\t\t\t\t\t\t<\/div>\n\t\t\t\t<\/div>\n\t\t\t\t<div class=\"elementor-element elementor-element-e19c095 elementor-widget elementor-widget-text-editor\" data-id=\"e19c095\" data-element_type=\"widget\" data-e-type=\"widget\" data-widget_type=\"text-editor.default\">\n\t\t\t\t<div class=\"elementor-widget-container\">\n\t\t\t\t\t\t\t\t\t\n<p><strong>Was ist Ju-Jutsu?<\/strong><br \/><br \/>Ju-Jutsu ist eine moderne Kampfkunst, die Mitte der sechziger Jahre in Deutschland entstanden ist. \u00dcbersetzt hei\u00dft Ju-Jutsu \u201eJu\u201c = sanft, \u201eJutsu\u201c = Kunst oder nachgeben\u201c.<\/p>\n\n<figure class=\"wp-block-image size-large\"><img fetchpriority=\"high\" decoding=\"async\" data-recalc-dims=\"1\" height=\"681\" width=\"1024\" class=\"wp-image-294\" src=\"https:\/\/i0.wp.com\/www.ksc-hanau.de\/wp-content\/uploads\/2021\/01\/WhatsApp-Image-2021-01-05-at-15.11.41-2-1024x681.jpeg?resize=1024%2C681\" alt=\"\" srcset=\"https:\/\/i0.wp.com\/www.ksc-hanau.de\/wp-content\/uploads\/2021\/01\/WhatsApp-Image-2021-01-05-at-15.11.41-2.jpeg?resize=1024%2C681&amp;ssl=1 1024w, https:\/\/i0.wp.com\/www.ksc-hanau.de\/wp-content\/uploads\/2021\/01\/WhatsApp-Image-2021-01-05-at-15.11.41-2.jpeg?resize=300%2C200&amp;ssl=1 300w, https:\/\/i0.wp.com\/www.ksc-hanau.de\/wp-content\/uploads\/2021\/01\/WhatsApp-Image-2021-01-05-at-15.11.41-2.jpeg?resize=768%2C511&amp;ssl=1 768w, https:\/\/i0.wp.com\/www.ksc-hanau.de\/wp-content\/uploads\/2021\/01\/WhatsApp-Image-2021-01-05-at-15.11.41-2.jpeg?resize=1536%2C1021&amp;ssl=1 1536w, https:\/\/i0.wp.com\/www.ksc-hanau.de\/wp-content\/uploads\/2021\/01\/WhatsApp-Image-2021-01-05-at-15.11.41-2.jpeg?resize=830%2C552&amp;ssl=1 830w, https:\/\/i0.wp.com\/www.ksc-hanau.de\/wp-content\/uploads\/2021\/01\/WhatsApp-Image-2021-01-05-at-15.11.41-2.jpeg?resize=230%2C153&amp;ssl=1 230w, https:\/\/i0.wp.com\/www.ksc-hanau.de\/wp-content\/uploads\/2021\/01\/WhatsApp-Image-2021-01-05-at-15.11.41-2.jpeg?resize=350%2C233&amp;ssl=1 350w, https:\/\/i0.wp.com\/www.ksc-hanau.de\/wp-content\/uploads\/2021\/01\/WhatsApp-Image-2021-01-05-at-15.11.41-2.jpeg?resize=480%2C319&amp;ssl=1 480w, https:\/\/i0.wp.com\/www.ksc-hanau.de\/wp-content\/uploads\/2021\/01\/WhatsApp-Image-2021-01-05-at-15.11.41-2.jpeg?w=1600&amp;ssl=1 1600w\" sizes=\"(max-width: 1024px) 100vw, 1024px\" \/><\/figure>\n\n<p><br \/>1967 wurden mehrere Meister in verschiedenen Kampfk\u00fcnsten vom Bundesinnenministerium beauftragt, die besten Techniken aus Aikido, Judo und Karate zu einem neuen, effektiven,<br \/>stil\u00fcbergreifenden System der waffenlosen Selbstverteidigung f\u00fcr Polizei, Zoll, Justiz sowie weitere Streitkr\u00e4fte zusammenzustellen.<br \/>Aus Aikido hat man die Wurf- und Hebeltechniken entnommen. Der ausgepr\u00e4gte Fall- und Bodenbereich stammt aus dem Judo.<br \/>Die schnellen Atemis (Schlag- und Tritttechniken) f\u00fchren zum Karate zur\u00fcck. Da die Techniken sehr leichtf\u00fc\u00dfig ausgef\u00fchrt wurden, nannte man es \u201esanfte Kunst\u201c und daher ist die Sportart f\u00fcr Jung und Alt geeignet.<br \/>Anfang der Achtziger Jahre hat man das leistungsorientierte Wettkampfsystem ins Leben gerufen, das Ju-Jutsu Fighting. Der eigenst\u00e4ndige Verband \u201eDJJV\u201c (Deutscher Ju-Jutsu Verband) wurde 1990 gegr\u00fcndet.<br \/>Im Jahre 2000 wurden noch mehr neue Techniken von anderen Kampfk\u00fcnsten aus aller Welt hinzugef\u00fcgt. Es wurde unter anderem Thai-, Kickboxen, Ringen, brasilianisches Jiu-Jitsu,<br \/>Boxen sowie chinesische und philippinische Kampfk\u00fcnste mit integriert. Aus den philippinischen K\u00fcnsten wurden Messer- und Stockabwehr entnommen. Ju-Jutsu kann man deswegen auch den Zehnkampf des Kampfsports nennen.<\/p>\n\n<figure class=\"wp-block-image size-large\"><img decoding=\"async\" data-recalc-dims=\"1\" height=\"682\" width=\"1024\" class=\"wp-image-295\" src=\"https:\/\/i0.wp.com\/www.ksc-hanau.de\/wp-content\/uploads\/2021\/01\/WhatsApp-Image-2021-01-05-at-15.11.41-3-1024x682.jpeg?resize=1024%2C682\" alt=\"\" srcset=\"https:\/\/i0.wp.com\/www.ksc-hanau.de\/wp-content\/uploads\/2021\/01\/WhatsApp-Image-2021-01-05-at-15.11.41-3.jpeg?resize=1024%2C682&amp;ssl=1 1024w, https:\/\/i0.wp.com\/www.ksc-hanau.de\/wp-content\/uploads\/2021\/01\/WhatsApp-Image-2021-01-05-at-15.11.41-3.jpeg?resize=300%2C200&amp;ssl=1 300w, https:\/\/i0.wp.com\/www.ksc-hanau.de\/wp-content\/uploads\/2021\/01\/WhatsApp-Image-2021-01-05-at-15.11.41-3.jpeg?resize=768%2C512&amp;ssl=1 768w, https:\/\/i0.wp.com\/www.ksc-hanau.de\/wp-content\/uploads\/2021\/01\/WhatsApp-Image-2021-01-05-at-15.11.41-3.jpeg?resize=1536%2C1023&amp;ssl=1 1536w, https:\/\/i0.wp.com\/www.ksc-hanau.de\/wp-content\/uploads\/2021\/01\/WhatsApp-Image-2021-01-05-at-15.11.41-3.jpeg?resize=830%2C553&amp;ssl=1 830w, https:\/\/i0.wp.com\/www.ksc-hanau.de\/wp-content\/uploads\/2021\/01\/WhatsApp-Image-2021-01-05-at-15.11.41-3.jpeg?resize=230%2C153&amp;ssl=1 230w, https:\/\/i0.wp.com\/www.ksc-hanau.de\/wp-content\/uploads\/2021\/01\/WhatsApp-Image-2021-01-05-at-15.11.41-3.jpeg?resize=350%2C233&amp;ssl=1 350w, https:\/\/i0.wp.com\/www.ksc-hanau.de\/wp-content\/uploads\/2021\/01\/WhatsApp-Image-2021-01-05-at-15.11.41-3.jpeg?resize=480%2C320&amp;ssl=1 480w, https:\/\/i0.wp.com\/www.ksc-hanau.de\/wp-content\/uploads\/2021\/01\/WhatsApp-Image-2021-01-05-at-15.11.41-3.jpeg?w=1600&amp;ssl=1 1600w\" sizes=\"(max-width: 1024px) 100vw, 1024px\" \/><\/figure>\n\n<p><strong>Selbstverteidigung vs Wettkampfsport?<\/strong><br \/><br \/>Der Kampf- und Sportclub Hanau vertritt die Philosophie, dass nur ein guter Wettk\u00e4mpfer auch ein Meister der Selbstverteidigung ist.<br \/>W\u00e4hrend in vielen Kampfsport-Vereinen zum Teil lediglich die trockene Selbstverteidigung angeboten wird, geht der KSC einen wettkampflastigen Weg.<br \/>Durch Selbstverteidigungskurse und das reine Erlernen von Techniken, ohne diese wirklich angewendet zu haben kann man nie wissen, ob diese im Ernstfall funktionieren.<br \/>Das K\u00f6rpergef\u00fchl, das Timing, der richtige Instinkt und die Schnelligkeit der Augen, die in einer Selbstverteidigungssituation ben\u00f6tigt werden kommen nicht durch das Stumpfe abhandeln verschiedener Techniken und dem Teilnehmen an G\u00fcrtelpr\u00fcfungen.<br \/>Aus diesem Grund f\u00f6rdern wir unsere Nachwuchsathleten:innen direkt mit spielerischen, lockeren K\u00e4mpfchen. Sie erlernen die notwendigen Skills, die sie in einer potentiellen Gefahrensituation ben\u00f6tigen, um einen k\u00fchlen Kopf zu bewahren und richtig zu handeln.<br \/>Fr\u00fch geht unser Jugendtrainerteam mit den Kids zu verschiedenen Wettk\u00e4mpfen in Deutschland. Hier k\u00f6nnen die jungen K\u00e4mpfer:innen ihr Erlerntes in einem geregelten, sicheren Umfeld austesten.<br \/>F\u00fcr ehrgeizige und zielstrebige Sportler:innnen, die sich f\u00fcr die Kampfkunst des Ju-Jutsu interessieren und in diese hineinwachsen wollen, ist der KSC der richtige Verein.<br \/>Das Erwachsenenteam ist unter der F\u00fchrung von Trainer Jens Gottwald auf verschiedenen nationalen und internationalen Wettk\u00e4mpfen erfolgreich unterwegs. Hier gehts zu unseren -Erfolgen-.<\/p>\n\n<figure class=\"wp-block-image size-large\"><img decoding=\"async\" data-recalc-dims=\"1\" height=\"682\" width=\"1024\" class=\"wp-image-296\" src=\"https:\/\/i0.wp.com\/www.ksc-hanau.de\/wp-content\/uploads\/2021\/01\/WhatsApp-Image-2021-01-05-at-15.11.41-5-1024x682.jpeg?resize=1024%2C682\" alt=\"\" srcset=\"https:\/\/i0.wp.com\/www.ksc-hanau.de\/wp-content\/uploads\/2021\/01\/WhatsApp-Image-2021-01-05-at-15.11.41-5.jpeg?resize=1024%2C682&amp;ssl=1 1024w, https:\/\/i0.wp.com\/www.ksc-hanau.de\/wp-content\/uploads\/2021\/01\/WhatsApp-Image-2021-01-05-at-15.11.41-5.jpeg?resize=300%2C200&amp;ssl=1 300w, https:\/\/i0.wp.com\/www.ksc-hanau.de\/wp-content\/uploads\/2021\/01\/WhatsApp-Image-2021-01-05-at-15.11.41-5.jpeg?resize=768%2C512&amp;ssl=1 768w, https:\/\/i0.wp.com\/www.ksc-hanau.de\/wp-content\/uploads\/2021\/01\/WhatsApp-Image-2021-01-05-at-15.11.41-5.jpeg?resize=1536%2C1023&amp;ssl=1 1536w, https:\/\/i0.wp.com\/www.ksc-hanau.de\/wp-content\/uploads\/2021\/01\/WhatsApp-Image-2021-01-05-at-15.11.41-5.jpeg?resize=830%2C553&amp;ssl=1 830w, https:\/\/i0.wp.com\/www.ksc-hanau.de\/wp-content\/uploads\/2021\/01\/WhatsApp-Image-2021-01-05-at-15.11.41-5.jpeg?resize=230%2C153&amp;ssl=1 230w, https:\/\/i0.wp.com\/www.ksc-hanau.de\/wp-content\/uploads\/2021\/01\/WhatsApp-Image-2021-01-05-at-15.11.41-5.jpeg?resize=350%2C233&amp;ssl=1 350w, https:\/\/i0.wp.com\/www.ksc-hanau.de\/wp-content\/uploads\/2021\/01\/WhatsApp-Image-2021-01-05-at-15.11.41-5.jpeg?resize=480%2C320&amp;ssl=1 480w, https:\/\/i0.wp.com\/www.ksc-hanau.de\/wp-content\/uploads\/2021\/01\/WhatsApp-Image-2021-01-05-at-15.11.41-5.jpeg?w=1600&amp;ssl=1 1600w\" sizes=\"(max-width: 1024px) 100vw, 1024px\" \/><\/figure>\n\n<p><strong>Ist Ju-Jutsu Fighting gef\u00e4hrlich?<\/strong><\/p>\n\n<p><strong>Nein!<\/strong><br \/>Beim Ju-Jutsu Fighting geht es um ordentliche, saubere Techniken. Durch Treffer, W\u00fcrfe und den geregelten Bodenkampf bekommt man Punkte und gewinnt einen Kampf.<br \/>Dies findet alles im Halbkontakt statt, es geht also nicht darum, dem Gegner einen Knockout zu verpassen!<\/p>\n\n<p>Nat\u00fcrlich kann es beim K\u00e4mpfen mal zu dem ein oder anderen Kratzer kommen. Doch diese sind im Normalfall lediglich oberfl\u00e4chlich.<br \/>Das Verletzungsrisiko ist bei anderen Sportarten wie zum Beispiel dem Fu\u00dfball um einiges h\u00f6her.<\/p>\n\n<p>Im Gegenteil, Ju-Jutsu ist gesundheitsf\u00f6rdernd!<br \/>Durch die abwechslungsreiche Bewegung, die Kombination von Schnelligkeit, Kraft, Balance und k\u00f6rperbeherrschung erf\u00e4hrt der\/die Sportler:in ein ganzheitliches Full-Body Workout und verbessert sein K\u00f6rpergef\u00fchl.<br \/>Durch die traditionelle Lehre der Kampfkunst wird Respekt vor seinen Mitstreitern und den verh\u00e4ltnism\u00e4\u00dfigen Umgang mit denselben erreicht.<br \/>Jeder ist sich seiner Kraft bewusst und geht dementsprechend locker und vorsichtig mit seinen Sportskollegen um.<\/p>\n\t\t\t\t\t\t\t\t<\/div>\n\t\t\t\t<\/div>\n\t\t\t\t\t<\/div>\n\t\t<\/div>\n\t\t\t\t\t<\/div>\n\t\t<\/section>\n\t\t\t\t<\/div>\n\t\t","protected":false},"excerpt":{"rendered":"<p>Trainingszeiten Technik Kinder, Jugendgruppen und Erwachsene \u00a0 Halle: Elisabeth-Schmitz-Schule Bertha-von-Suttner-Stra\u00dfe 10 63457 Hanau Montag: 17:00 &#8211; 18:00 Uhr&nbsp; Anf\u00e4nger (ab 6 Jahren) [&hellip;]<\/p>\n","protected":false},"author":2,"featured_media":0,"parent":0,"menu_order":0,"comment_status":"closed","ping_status":"closed","template":"","meta":{"footnotes":""},"class_list":["post-215","page","type-page","status-publish","hentry"],"jetpack_sharing_enabled":true,"_links":{"self":[{"href":"https:\/\/www.ksc-hanau.de\/index.php?rest_route=\/wp\/v2\/pages\/215","targetHints":{"allow":["GET"]}}],"collection":[{"href":"https:\/\/www.ksc-hanau.de\/index.php?rest_route=\/wp\/v2\/pages"}],"about":[{"href":"https:\/\/www.ksc-hanau.de\/index.php?rest_route=\/wp\/v2\/types\/page"}],"author":[{"embeddable":true,"href":"https:\/\/www.ksc-hanau.de\/index.php?rest_route=\/wp\/v2\/users\/2"}],"replies":[{"embeddable":true,"href":"https:\/\/www.ksc-hanau.de\/index.php?rest_route=%2Fwp%2Fv2%2Fcomments&post=215"}],"version-history":[{"count":32,"href":"https:\/\/www.ksc-hanau.de\/index.php?rest_route=\/wp\/v2\/pages\/215\/revisions"}],"predecessor-version":[{"id":731,"href":"https:\/\/www.ksc-hanau.de\/index.php?rest_route=\/wp\/v2\/pages\/215\/revisions\/731"}],"wp:attachment":[{"href":"https:\/\/www.ksc-hanau.de\/index.php?rest_route=%2Fwp%2Fv2%2Fmedia&parent=215"}],"curies":[{"name":"wp","href":"https:\/\/api.w.org\/{rel}","templated":true}]}}