{"id":558,"date":"2024-03-06T22:33:46","date_gmt":"2024-03-06T21:33:46","guid":{"rendered":"https:\/\/www.ksc-hanau.de\/?page_id=558"},"modified":"2024-03-06T22:33:47","modified_gmt":"2024-03-06T21:33:47","slug":"aufnahmeantrag","status":"publish","type":"page","link":"https:\/\/www.ksc-hanau.de\/?page_id=558","title":{"rendered":"Aufnahmeantrag"},"content":{"rendered":"\n<form action=\"https:\/\/www.ksc-hanau.de\/wp-admin\/admin-post.php\" method=\"post\" class=\"ksc-formular\"><input type=\"hidden\" id=\"ksc_anmeldeformular_nonce\" name=\"ksc_anmeldeformular_nonce\" value=\"00fc2a5a78\" \/><input type=\"hidden\" name=\"_wp_http_referer\" value=\"\/index.php?rest_route=%2Fwp%2Fv2%2Fpages%2F558\" \/><div class=\"form-group\"><label for=\"ksc_vorname\">Vorname:<\/label><input type=\"text\" id=\"ksc_vorname\" name=\"ksc_vorname\" value=\"\" class=\"form-control\"\/>\r\n\t<div class=\"error-message\" id=\"error-ksc_vorname\"><\/div>\r\n\t<\/div><div class=\"form-group\"><label for=\"ksc_nachname\">Nachname:<\/label><input type=\"text\" id=\"ksc_nachname\" name=\"ksc_nachname\" value=\"\" class=\"form-control\"\/>\r\n\t<div class=\"error-message\" id=\"error-ksc_nachname\"><\/div>\r\n\t<\/div><div class=\"form-group\"><label for=\"ksc_gbdatum_date\">Geburtsdatum:<\/label><input type=\"date\" id=\"ksc_gbdatum_date\" name=\"ksc_gbdatum_date\" value=\"\" class=\"form-control\"\/><input type=\"hidden\" id=\"ksc_gbdatum\" name=\"ksc_gbdatum\" value=\"\" class=\"form-control\"\/>\r\n\t<div class=\"error-message\" id=\"error-ksc_gbdatum\"><\/div>\r\n\t<\/div><div class=\"form-group\"><label for=\"ksc_gbort\">Geburtsort:<\/label><input type=\"text\" id=\"ksc_gbort\" name=\"ksc_gbort\" value=\"\" class=\"form-control\"\/>\r\n\t<div class=\"error-message\" id=\"error-ksc_gbort\"><\/div>\r\n\t<\/div><div class=\"form-group\"><label for=\"ksc_strasse\">Stra\u00dfe:<\/label><input type=\"text\" id=\"ksc_strasse\" name=\"ksc_strasse\" value=\"\" class=\"form-control\"\/>\r\n\t<div class=\"error-message\" id=\"error-ksc_strasse\"><\/div>\r\n\t<\/div><div class=\"form-group\"><label for=\"ksc_hausnr\">Hausnummer:<\/label><input type=\"text\" id=\"ksc_hausnr\" name=\"ksc_hausnr\" value=\"\" class=\"form-control\"\/>\r\n\t<div class=\"error-message\" id=\"error-ksc_hausnr\"><\/div>\r\n\t<\/div><div class=\"form-group\"><label for=\"ksc_plz\">PLZ:<\/label><input type=\"text\" id=\"ksc_plz\" name=\"ksc_plz\" value=\"\" class=\"form-control\"\/>\r\n\t<div class=\"error-message\" id=\"error-ksc_plz\"><\/div>\r\n\t<\/div><div class=\"form-group\"><label for=\"ksc_ort\">Ort:<\/label><input type=\"text\" id=\"ksc_ort\" name=\"ksc_ort\" value=\"\" class=\"form-control\"\/>\r\n\t<div class=\"error-message\" id=\"error-ksc_ort\"><\/div>\r\n\t<\/div><div class=\"form-group\"><label for=\"ksc_telefon\">Telefon\/Handy:<\/label><input type=\"text\" id=\"ksc_telefon\" name=\"ksc_telefon\" value=\"\" class=\"form-control\"\/>\r\n\t<div class=\"error-message\" id=\"error-ksc_telefon\"><\/div>\r\n\t<\/div><div class=\"form-group\"><label for=\"ksc_email\">Email:<\/label><input type=\"text\" id=\"ksc_email\" name=\"ksc_email\" value=\"\" class=\"form-control\"\/>\r\n\t<div class=\"error-message\" id=\"error-ksc_email\"><\/div>\r\n\t<\/div><div class=\"form-group\" id=\"ksc_gesetzlichervertreter1_container\"><label for=\"ksc_gesetzlichervertreter1\">1. Gesetzlicher Vertreter (bei Minderj\u00e4hrigen):<\/label><input type=\"text\" id=\"ksc_gesetzlichervertreter1\" name=\"ksc_gesetzlichervertreter1\" value=\"\" class=\"form-control\"\/>\r\n\t<div class=\"error-message\" id=\"error-ksc_gesetzlichervertreter1\"><\/div>\r\n\t<\/div><div class=\"form-group\" id=\"ksc_gesetzlichervertreter2_container\"><label for=\"ksc_gesetzlichervertreter2\">2. Gesetzlicher Vertreter (bei Minderj\u00e4hrigen):<\/label><input type=\"text\" id=\"ksc_gesetzlichervertreter2\" name=\"ksc_gesetzlichervertreter2\" value=\"\" class=\"form-control\"\/>\r\n\t<div class=\"error-message\" id=\"error-ksc_gesetzlichervertreter2\"><\/div>\r\n\t<\/div><div>Mitgliedschaft wird beantragt (Grundbeitr\u00e4ge)<\/div><br><div class=\"form-group\"><fieldset class=\"checkbox-group\"><input type=\"checkbox\" id=\"ksc_grundbeitrag\" name=\"ksc_grundbeitrag\" value=\"X\" class=\"form-control\" checked disabled\/> \r\n\t<label for=\"ksc_grundbeitrag\">Grundbeitrag - 5\u20ac mtl. \/ 60\u20ac j\u00e4hrlich<\/label><\/fieldset>\r\n\t<div class=\"error-message\" id=\"error-ksc_grundbeitrag\"><\/div>\r\n\t<\/div><div>um folgende Sportangebote zu nutzen (Zusatzbeitr\u00e4ge m\u00f6glich!)<\/div><br><div class=\"form-group\"><fieldset class=\"checkbox-group\"><input type=\"checkbox\" id=\"ksc_jj\" name=\"ksc_jj\" value=\"X\" class=\"form-control\"\/> \r\n\t<label for=\"ksc_jj\">Ju-Jutsu<\/label><\/fieldset>\r\n\t<div class=\"error-message\" id=\"error-ksc_jj\"><\/div>\r\n\t\r\n            <ul>\r\n                <li>Unter 18 Jahre: *8\u20ac mtl.\/ 96\u20ac j\u00e4hrlich<\/li>\r\n                <li>Ab 18 Jahre: *11\u20ac mtl.\/ 132\u20ac j\u00e4hrlich<br><\/li>\r\n            <\/ul>\r\n\t<\/div><div class=\"form-group\"><fieldset class=\"checkbox-group\"><input type=\"checkbox\" id=\"ksc_frauensv\" name=\"ksc_frauensv\" value=\"X\" class=\"form-control\"\/> \r\n\t<label for=\"ksc_frauensv\">Frauen-SV Kurs<\/label><\/fieldset>\r\n\t<div class=\"error-message\" id=\"error-ksc_frauensv\"><\/div>\r\n\t\r\n            <ul>\r\n                <li>*15\u20ac mtl.\/ 180\u20ac j\u00e4hrlich<br><\/li>\r\n            <\/ul>\r\n\t<\/div><div class=\"form-group\"><fieldset class=\"checkbox-group\"><input type=\"checkbox\" id=\"ksc_fitness\" name=\"ksc_fitness\" value=\"X\" class=\"form-control\"\/> \r\n\t<label for=\"ksc_fitness\">Fitness (unter 18 Jahre)<\/label><\/fieldset>\r\n\t<div class=\"error-message\" id=\"error-ksc_fitness\"><\/div>\r\n            <ul>\r\n                <li>Unter 18 Jahre: *3\u20ac mtl.\/ 36\u20ac j\u00e4hrlich<\/li>\r\n                <li>Ab 18 Jahre: *5\u20ac mtl.\/ 60\u20ac j\u00e4hrlich<br><\/li>\r\n            <\/ul>\r\n\t<\/div><div><b><u>SEPA-Lastschriftmandant<\/u><\/b><\/div><div>Hiermit erm\u00e4chtige ich den Kampf- und Sportclub Hanau 2012 e.V. widerruflich, die zu entrichtenden Beitr\u00e4ge und Kursgeb\u00fchren laut Beitragsordnung<\/div><div class=\"form-group\"><fieldset class=\"checkbox-group\"><input type=\"checkbox\" id=\"ksc_jahrlich\" name=\"ksc_jahrlich\" value=\"X\" class=\"form-control\"\/> \r\n\t<label for=\"ksc_jahrlich\">J\u00e4hrlich<\/label><\/fieldset>\r\n\t<div class=\"error-message\" id=\"error-ksc_jahrlich\"><\/div>\r\n\t<\/div><div class=\"form-group\"><fieldset class=\"checkbox-group\"><input type=\"checkbox\" id=\"ksc_halbjahrlich\" name=\"ksc_halbjahrlich\" value=\"X\" class=\"form-control\"\/> \r\n\t<label for=\"ksc_halbjahrlich\">Halbj\u00e4hrlich<\/label><\/fieldset>\r\n\t<div class=\"error-message\" id=\"error-ksc_halbjahrlich\"><\/div>\r\n\t<\/div><div class=\"form-group\"><fieldset class=\"checkbox-group\"><input type=\"checkbox\" id=\"ksc_vierteljahrlich\" name=\"ksc_vierteljahrlich\" value=\"X\" class=\"form-control\"\/> \r\n\t<label for=\"ksc_vierteljahrlich\">Viertelj\u00e4hrlich<\/label><\/fieldset>\r\n\t<div class=\"error-message\" id=\"error-ksc_vierteljahrlich\"><\/div>\r\n\t<\/div><div class=\"form-group\"><fieldset class=\"checkbox-group\"><input type=\"checkbox\" id=\"ksc_einmalig\" name=\"ksc_einmalig\" value=\"X\" class=\"form-control\"\/> \r\n\t<label for=\"ksc_einmalig\">Einmalig (Kurs)<\/label><\/fieldset>\r\n\t<div class=\"error-message\" id=\"error-ksc_einmalig\"><\/div>\r\n\t<\/div><div>und die einmalige Aufnahmegeb\u00fchr in H\u00f6he von <b>30\u20ac (Einzelmitgliedschaft)<\/b> bzw. <b>50\u20ac (Familienmitgliedschaft)<\/b> zu Lasten des nachstehenden Kontos mittels Lastschrift einzuziehen.<\/div><br><div class=\"form-group\"><label for=\"ksc_kontoinh\">Kontoinhaber (falls abweichend):<\/label><input type=\"text\" id=\"ksc_kontoinh\" name=\"ksc_kontoinh\" value=\"\" class=\"form-control\"\/>\r\n\t<div class=\"error-message\" id=\"error-ksc_kontoinh\"><\/div>\r\n\t<\/div><div class=\"form-group\"><label for=\"ksc_iban\">IBAN:<\/label><input type=\"text\" id=\"ksc_iban\" name=\"ksc_iban\" value=\"\" class=\"form-control\"\/>\r\n\t<div class=\"error-message\" id=\"error-ksc_iban\"><\/div>\r\n\t<\/div><p><input type=\"submit\" value=\"Drucken\"\/><\/p><div><b>Formular bitte Drucken, unterschreiben und an den Verein senden.<\/b><\/div><div><b><u>ACHTUNG: Bei der Familienmitgliedschaft ist f\u00fcr jedes Mitglied ein Formular auszuf\u00fcllen!<\/u><\/b><\/div><input type=\"hidden\" name=\"ksc_gesetzlichervertreter_hidden\" id=\"ksc_gesetzlichervertreter_hidden\" value=\"hidden\"\/><input type=\"hidden\" name=\"action\" value=\"save_ksc_anmeldung\"\/><\/form>\n","protected":false},"excerpt":{"rendered":"","protected":false},"author":3,"featured_media":0,"parent":0,"menu_order":0,"comment_status":"closed","ping_status":"closed","template":"","meta":{"footnotes":""},"class_list":["post-558","page","type-page","status-publish","hentry"],"jetpack_sharing_enabled":true,"_links":{"self":[{"href":"https:\/\/www.ksc-hanau.de\/index.php?rest_route=\/wp\/v2\/pages\/558","targetHints":{"allow":["GET"]}}],"collection":[{"href":"https:\/\/www.ksc-hanau.de\/index.php?rest_route=\/wp\/v2\/pages"}],"about":[{"href":"https:\/\/www.ksc-hanau.de\/index.php?rest_route=\/wp\/v2\/types\/page"}],"author":[{"embeddable":true,"href":"https:\/\/www.ksc-hanau.de\/index.php?rest_route=\/wp\/v2\/users\/3"}],"replies":[{"embeddable":true,"href":"https:\/\/www.ksc-hanau.de\/index.php?rest_route=%2Fwp%2Fv2%2Fcomments&post=558"}],"version-history":[{"count":4,"href":"https:\/\/www.ksc-hanau.de\/index.php?rest_route=\/wp\/v2\/pages\/558\/revisions"}],"predecessor-version":[{"id":562,"href":"https:\/\/www.ksc-hanau.de\/index.php?rest_route=\/wp\/v2\/pages\/558\/revisions\/562"}],"wp:attachment":[{"href":"https:\/\/www.ksc-hanau.de\/index.php?rest_route=%2Fwp%2Fv2%2Fmedia&parent=558"}],"curies":[{"name":"wp","href":"https:\/\/api.w.org\/{rel}","templated":true}]}}